{"id":2885,"date":"2024-11-11T13:23:39","date_gmt":"2024-11-11T13:23:39","guid":{"rendered":"https:\/\/will.gmbh\/?page_id=2885"},"modified":"2024-11-20T08:49:10","modified_gmt":"2024-11-20T08:49:10","slug":"vr","status":"publish","type":"page","link":"https:\/\/will.gmbh\/index.php\/vr\/","title":{"rendered":"vr"},"content":{"rendered":"\t\t<div data-elementor-type=\"wp-page\" data-elementor-id=\"2885\" class=\"elementor elementor-2885\">\n\t\t\t\t\t\t<section class=\"elementor-section elementor-top-section elementor-element elementor-element-5ec1f49 elementor-section-boxed elementor-section-height-default elementor-section-height-default\" data-id=\"5ec1f49\" data-element_type=\"section\" data-settings=\"{&quot;background_background&quot;:&quot;classic&quot;}\">\n\t\t\t\t\t\t<div class=\"elementor-container elementor-column-gap-default\">\n\t\t\t\t\t<div class=\"elementor-column elementor-col-100 elementor-top-column elementor-element elementor-element-9ed5db4\" data-id=\"9ed5db4\" data-element_type=\"column\">\n\t\t\t<div class=\"elementor-widget-wrap\">\n\t\t\t\t\t\t\t<\/div>\n\t\t<\/div>\n\t\t\t\t\t<\/div>\n\t\t<\/section>\n\t\t\t\t<section class=\"elementor-section elementor-top-section elementor-element elementor-element-8ad6aaf elementor-section-boxed elementor-section-height-default elementor-section-height-default\" data-id=\"8ad6aaf\" data-element_type=\"section\">\n\t\t\t\t\t\t<div class=\"elementor-container elementor-column-gap-default\">\n\t\t\t\t\t<div class=\"elementor-column elementor-col-100 elementor-top-column elementor-element elementor-element-b18586b\" data-id=\"b18586b\" data-element_type=\"column\">\n\t\t\t<div class=\"elementor-widget-wrap elementor-element-populated\">\n\t\t\t\t\t\t<div class=\"elementor-element elementor-element-498e024 elementor-widget elementor-widget-spacer\" data-id=\"498e024\" data-element_type=\"widget\" data-widget_type=\"spacer.default\">\n\t\t\t\t<div class=\"elementor-widget-container\">\n\t\t\t\t\t<div class=\"elementor-spacer\">\n\t\t\t<div class=\"elementor-spacer-inner\"><\/div>\n\t\t<\/div>\n\t\t\t\t<\/div>\n\t\t\t\t<\/div>\n\t\t\t\t\t<\/div>\n\t\t<\/div>\n\t\t\t\t\t<\/div>\n\t\t<\/section>\n\t\t\t\t<section class=\"elementor-section elementor-top-section elementor-element elementor-element-06bf3db elementor-section-boxed elementor-section-height-default elementor-section-height-default\" data-id=\"06bf3db\" data-element_type=\"section\">\n\t\t\t\t\t\t<div class=\"elementor-container elementor-column-gap-default\">\n\t\t\t\t\t<div class=\"elementor-column elementor-col-100 elementor-top-column elementor-element elementor-element-5776f37\" data-id=\"5776f37\" data-element_type=\"column\">\n\t\t\t<div class=\"elementor-widget-wrap elementor-element-populated\">\n\t\t\t\t\t\t<div class=\"elementor-element elementor-element-16e50ce elementor-widget elementor-widget-heading\" data-id=\"16e50ce\" data-element_type=\"widget\" data-widget_type=\"heading.default\">\n\t\t\t\t<div class=\"elementor-widget-container\">\n\t\t\t<h2 class=\"elementor-heading-title elementor-size-default\">Erleben Sie Ihr neues Bad \u2013 schon heute, in WILL VR!<\/h2>\t\t<\/div>\n\t\t\t\t<\/div>\n\t\t\t\t\t<\/div>\n\t\t<\/div>\n\t\t\t\t\t<\/div>\n\t\t<\/section>\n\t\t\t\t<section class=\"elementor-section elementor-top-section elementor-element elementor-element-64de8d8 elementor-section-boxed elementor-section-height-default elementor-section-height-default\" data-id=\"64de8d8\" data-element_type=\"section\">\n\t\t\t\t\t\t<div class=\"elementor-container elementor-column-gap-default\">\n\t\t\t\t\t<div class=\"elementor-column elementor-col-100 elementor-top-column elementor-element elementor-element-b23dc8c\" data-id=\"b23dc8c\" data-element_type=\"column\">\n\t\t\t<div class=\"elementor-widget-wrap elementor-element-populated\">\n\t\t\t\t\t\t<div class=\"elementor-element elementor-element-889eb77 elementor-widget elementor-widget-text-editor\" data-id=\"889eb77\" data-element_type=\"widget\" data-widget_type=\"text-editor.default\">\n\t\t\t\t<div class=\"elementor-widget-container\">\n\t\t\t\t\t\t\t<p class=\"MsoNormal\">In unserem hochmodernen VR-Raum erleben Sie Ihr neues Bad bereits vor Baubeginn. Dank neuester 3D-VR-Technologie und High-End-Software k\u00f6nnen Sie jede Fliese, jede Armatur und jedes Detail hautnah begutachten. So wird Ihre Badplanung nicht nur sichtbar, sondern sp\u00fcrbar.<\/p>\t\t\t\t\t\t<\/div>\n\t\t\t\t<\/div>\n\t\t\t\t\t<\/div>\n\t\t<\/div>\n\t\t\t\t\t<\/div>\n\t\t<\/section>\n\t\t\t\t<section class=\"elementor-section elementor-top-section elementor-element elementor-element-eda147b elementor-section-boxed elementor-section-height-default elementor-section-height-default\" data-id=\"eda147b\" data-element_type=\"section\">\n\t\t\t\t\t\t<div class=\"elementor-container elementor-column-gap-default\">\n\t\t\t\t\t<div class=\"elementor-column elementor-col-100 elementor-top-column elementor-element elementor-element-24349a6\" data-id=\"24349a6\" data-element_type=\"column\">\n\t\t\t<div class=\"elementor-widget-wrap elementor-element-populated\">\n\t\t\t\t\t\t<div class=\"elementor-element elementor-element-360ebff elementor-widget elementor-widget-spacer\" data-id=\"360ebff\" data-element_type=\"widget\" data-widget_type=\"spacer.default\">\n\t\t\t\t<div class=\"elementor-widget-container\">\n\t\t\t\t\t<div class=\"elementor-spacer\">\n\t\t\t<div class=\"elementor-spacer-inner\"><\/div>\n\t\t<\/div>\n\t\t\t\t<\/div>\n\t\t\t\t<\/div>\n\t\t\t\t\t<\/div>\n\t\t<\/div>\n\t\t\t\t\t<\/div>\n\t\t<\/section>\n\t\t\t\t<section class=\"elementor-section elementor-top-section elementor-element elementor-element-22a97f8 elementor-section-boxed elementor-section-height-default elementor-section-height-default\" data-id=\"22a97f8\" data-element_type=\"section\">\n\t\t\t\t\t\t<div class=\"elementor-container elementor-column-gap-default\">\n\t\t\t\t\t<div class=\"elementor-column elementor-col-50 elementor-top-column elementor-element elementor-element-8d59fef\" data-id=\"8d59fef\" data-element_type=\"column\">\n\t\t\t<div class=\"elementor-widget-wrap elementor-element-populated\">\n\t\t\t\t\t\t<div class=\"elementor-element elementor-element-d977f01 elementor-widget elementor-widget-image\" data-id=\"d977f01\" data-element_type=\"widget\" data-widget_type=\"image.default\">\n\t\t\t\t<div class=\"elementor-widget-container\">\n\t\t\t\t\t\t\t\t\t\t\t\t\t<img fetchpriority=\"high\" decoding=\"async\" width=\"1024\" height=\"577\" src=\"https:\/\/will.gmbh\/wp-content\/uploads\/2024\/11\/20241120_093018-1024x577.jpg\" class=\"attachment-large size-large wp-image-2914\" alt=\"\" srcset=\"https:\/\/will.gmbh\/wp-content\/uploads\/2024\/11\/20241120_093018-1024x577.jpg 1024w, https:\/\/will.gmbh\/wp-content\/uploads\/2024\/11\/20241120_093018-300x169.jpg 300w, https:\/\/will.gmbh\/wp-content\/uploads\/2024\/11\/20241120_093018-768x432.jpg 768w, https:\/\/will.gmbh\/wp-content\/uploads\/2024\/11\/20241120_093018-1536x865.jpg 1536w, https:\/\/will.gmbh\/wp-content\/uploads\/2024\/11\/20241120_093018-2048x1153.jpg 2048w\" sizes=\"(max-width: 1024px) 100vw, 1024px\" \/>\t\t\t\t\t\t\t\t\t\t\t\t\t<\/div>\n\t\t\t\t<\/div>\n\t\t\t\t\t<\/div>\n\t\t<\/div>\n\t\t\t\t<div class=\"elementor-column elementor-col-50 elementor-top-column elementor-element elementor-element-85bd263\" data-id=\"85bd263\" data-element_type=\"column\">\n\t\t\t<div class=\"elementor-widget-wrap elementor-element-populated\">\n\t\t\t\t\t\t<div class=\"elementor-element elementor-element-c8a9c06 elementor-widget elementor-widget-heading\" data-id=\"c8a9c06\" data-element_type=\"widget\" data-widget_type=\"heading.default\">\n\t\t\t\t<div class=\"elementor-widget-container\">\n\t\t\t<h2 class=\"elementor-heading-title elementor-size-default\">Der VR-Raum \u2013 Innovation hautnah<\/h2>\t\t<\/div>\n\t\t\t\t<\/div>\n\t\t\t\t<div class=\"elementor-element elementor-element-3373ed5 elementor-widget elementor-widget-text-editor\" data-id=\"3373ed5\" data-element_type=\"widget\" data-widget_type=\"text-editor.default\">\n\t\t\t\t<div class=\"elementor-widget-container\">\n\t\t\t\t\t\t\t<p class=\"MsoNormal\"><span style=\"background-color: var(--nv-site-bg); color: var(--nv-text-color); font-family: var(--bodyfontfamily),var(--nv-fallback-ff); font-size: var(--bodyfontsize); font-weight: var(--bodyfontweight); letter-spacing: var(--bodyletterspacing); text-transform: var(--bodytexttransform);\">Unser VR-Raum wurde speziell entwickelt, um Ihre Badtr\u00e4ume Wirklichkeit werden zu lassen. Mit High-End-Headsets und einer professionellen Software erleben Sie Ihre individuelle Planung in beeindruckender Realit\u00e4t. Jede Perspektive, jeder Blickwinkel \u2013 Sie stehen f\u00f6rmlich schon in Ihrem neuen Bad.<\/span><\/p><p><strong>Ihre Vorteile:<\/strong><\/p><ul><li>Maximale Planungssicherheit<\/li><li>Realistisches Raumgef\u00fchl<\/li><li>Perfekte Grundlage f\u00fcr Anpassungen<\/li><\/ul>\t\t\t\t\t\t<\/div>\n\t\t\t\t<\/div>\n\t\t\t\t\t<\/div>\n\t\t<\/div>\n\t\t\t\t\t<\/div>\n\t\t<\/section>\n\t\t\t\t<section class=\"elementor-section elementor-top-section elementor-element elementor-element-400e81a elementor-section-boxed elementor-section-height-default elementor-section-height-default\" data-id=\"400e81a\" data-element_type=\"section\">\n\t\t\t\t\t\t<div class=\"elementor-container elementor-column-gap-default\">\n\t\t\t\t\t<div class=\"elementor-column elementor-col-100 elementor-top-column elementor-element elementor-element-a54199f\" data-id=\"a54199f\" data-element_type=\"column\">\n\t\t\t<div class=\"elementor-widget-wrap elementor-element-populated\">\n\t\t\t\t\t\t<div class=\"elementor-element elementor-element-ea2d521 elementor-widget elementor-widget-spacer\" data-id=\"ea2d521\" data-element_type=\"widget\" data-widget_type=\"spacer.default\">\n\t\t\t\t<div class=\"elementor-widget-container\">\n\t\t\t\t\t<div class=\"elementor-spacer\">\n\t\t\t<div class=\"elementor-spacer-inner\"><\/div>\n\t\t<\/div>\n\t\t\t\t<\/div>\n\t\t\t\t<\/div>\n\t\t\t\t\t<\/div>\n\t\t<\/div>\n\t\t\t\t\t<\/div>\n\t\t<\/section>\n\t\t\t\t<section class=\"elementor-section elementor-top-section elementor-element elementor-element-f564bcc elementor-section-boxed elementor-section-height-default elementor-section-height-default\" data-id=\"f564bcc\" data-element_type=\"section\">\n\t\t\t\t\t\t<div class=\"elementor-container elementor-column-gap-default\">\n\t\t\t\t\t<div class=\"elementor-column elementor-col-50 elementor-top-column elementor-element elementor-element-39548e8\" data-id=\"39548e8\" data-element_type=\"column\">\n\t\t\t<div class=\"elementor-widget-wrap elementor-element-populated\">\n\t\t\t\t\t\t<div class=\"elementor-element elementor-element-bc4e414 elementor-widget elementor-widget-heading\" data-id=\"bc4e414\" data-element_type=\"widget\" data-widget_type=\"heading.default\">\n\t\t\t\t<div class=\"elementor-widget-container\">\n\t\t\t<h2 class=\"elementor-heading-title elementor-size-default\">Ihre Badplanung in besten H\u00e4nden<\/h2>\t\t<\/div>\n\t\t\t\t<\/div>\n\t\t\t\t<div class=\"elementor-element elementor-element-dd5d74b elementor-widget elementor-widget-text-editor\" data-id=\"dd5d74b\" data-element_type=\"widget\" data-widget_type=\"text-editor.default\">\n\t\t\t\t<div class=\"elementor-widget-container\">\n\t\t\t\t\t\t\t<p class=\"MsoNormal\">Unsere Experten begleiten Sie von der ersten Idee bis zur Umsetzung. Mit unserer langj\u00e4hrigen Erfahrung in der Badplanung und modernster Technologie setzen wir Ihre W\u00fcnsche pr\u00e4zise um. Entdecken Sie, wie Ihre Ideen in unserem VR-Raum zum Leben erwachen und lassen Sie uns gemeinsam Ihr Traumbad gestalten.<\/p>\t\t\t\t\t\t<\/div>\n\t\t\t\t<\/div>\n\t\t\t\t\t<\/div>\n\t\t<\/div>\n\t\t\t\t<div class=\"elementor-column elementor-col-50 elementor-top-column elementor-element elementor-element-5d985aa\" data-id=\"5d985aa\" data-element_type=\"column\">\n\t\t\t<div class=\"elementor-widget-wrap elementor-element-populated\">\n\t\t\t\t\t\t<div class=\"elementor-element elementor-element-24c29d1 elementor-widget elementor-widget-image\" data-id=\"24c29d1\" data-element_type=\"widget\" data-widget_type=\"image.default\">\n\t\t\t\t<div class=\"elementor-widget-container\">\n\t\t\t\t\t\t\t\t\t\t\t\t\t<img decoding=\"async\" width=\"1024\" height=\"577\" src=\"https:\/\/will.gmbh\/wp-content\/uploads\/2024\/11\/20241120_093459-1024x577.jpg\" class=\"attachment-large size-large wp-image-2911\" alt=\"\" srcset=\"https:\/\/will.gmbh\/wp-content\/uploads\/2024\/11\/20241120_093459-1024x577.jpg 1024w, https:\/\/will.gmbh\/wp-content\/uploads\/2024\/11\/20241120_093459-300x169.jpg 300w, https:\/\/will.gmbh\/wp-content\/uploads\/2024\/11\/20241120_093459-768x432.jpg 768w, https:\/\/will.gmbh\/wp-content\/uploads\/2024\/11\/20241120_093459-1536x865.jpg 1536w, https:\/\/will.gmbh\/wp-content\/uploads\/2024\/11\/20241120_093459-2048x1153.jpg 2048w\" sizes=\"(max-width: 1024px) 100vw, 1024px\" \/>\t\t\t\t\t\t\t\t\t\t\t\t\t<\/div>\n\t\t\t\t<\/div>\n\t\t\t\t\t<\/div>\n\t\t<\/div>\n\t\t\t\t\t<\/div>\n\t\t<\/section>\n\t\t\t\t<section class=\"elementor-section elementor-top-section elementor-element elementor-element-8d86d4a elementor-section-boxed elementor-section-height-default elementor-section-height-default\" data-id=\"8d86d4a\" data-element_type=\"section\">\n\t\t\t\t\t\t<div class=\"elementor-container elementor-column-gap-default\">\n\t\t\t\t\t<div class=\"elementor-column elementor-col-100 elementor-top-column elementor-element elementor-element-38593a1\" data-id=\"38593a1\" data-element_type=\"column\">\n\t\t\t<div class=\"elementor-widget-wrap elementor-element-populated\">\n\t\t\t\t\t\t<div class=\"elementor-element elementor-element-56485fc elementor-widget elementor-widget-spacer\" data-id=\"56485fc\" data-element_type=\"widget\" data-widget_type=\"spacer.default\">\n\t\t\t\t<div class=\"elementor-widget-container\">\n\t\t\t\t\t<div class=\"elementor-spacer\">\n\t\t\t<div class=\"elementor-spacer-inner\"><\/div>\n\t\t<\/div>\n\t\t\t\t<\/div>\n\t\t\t\t<\/div>\n\t\t\t\t\t<\/div>\n\t\t<\/div>\n\t\t\t\t\t<\/div>\n\t\t<\/section>\n\t\t\t\t<section class=\"elementor-section elementor-top-section elementor-element elementor-element-d7a517b elementor-section-boxed elementor-section-height-default elementor-section-height-default\" data-id=\"d7a517b\" data-element_type=\"section\">\n\t\t\t\t\t\t<div class=\"elementor-container elementor-column-gap-default\">\n\t\t\t\t\t<div class=\"elementor-column elementor-col-50 elementor-top-column elementor-element elementor-element-fae7cff\" data-id=\"fae7cff\" data-element_type=\"column\">\n\t\t\t<div class=\"elementor-widget-wrap elementor-element-populated\">\n\t\t\t\t\t\t<div class=\"elementor-element elementor-element-b26dbd3 elementor-widget elementor-widget-image\" data-id=\"b26dbd3\" data-element_type=\"widget\" data-widget_type=\"image.default\">\n\t\t\t\t<div class=\"elementor-widget-container\">\n\t\t\t\t\t\t\t\t\t\t\t\t\t<img decoding=\"async\" width=\"1024\" height=\"577\" src=\"https:\/\/will.gmbh\/wp-content\/uploads\/2024\/11\/20241120_093002-1024x577.jpg\" class=\"attachment-large size-large wp-image-2913\" alt=\"\" srcset=\"https:\/\/will.gmbh\/wp-content\/uploads\/2024\/11\/20241120_093002-1024x577.jpg 1024w, https:\/\/will.gmbh\/wp-content\/uploads\/2024\/11\/20241120_093002-300x169.jpg 300w, https:\/\/will.gmbh\/wp-content\/uploads\/2024\/11\/20241120_093002-768x432.jpg 768w, https:\/\/will.gmbh\/wp-content\/uploads\/2024\/11\/20241120_093002-1536x865.jpg 1536w, https:\/\/will.gmbh\/wp-content\/uploads\/2024\/11\/20241120_093002-2048x1153.jpg 2048w\" sizes=\"(max-width: 1024px) 100vw, 1024px\" \/>\t\t\t\t\t\t\t\t\t\t\t\t\t<\/div>\n\t\t\t\t<\/div>\n\t\t\t\t\t<\/div>\n\t\t<\/div>\n\t\t\t\t<div class=\"elementor-column elementor-col-50 elementor-top-column elementor-element elementor-element-f2d57f7\" data-id=\"f2d57f7\" data-element_type=\"column\">\n\t\t\t<div class=\"elementor-widget-wrap elementor-element-populated\">\n\t\t\t\t\t\t<div class=\"elementor-element elementor-element-fba89d7 elementor-widget elementor-widget-heading\" data-id=\"fba89d7\" data-element_type=\"widget\" data-widget_type=\"heading.default\">\n\t\t\t\t<div class=\"elementor-widget-container\">\n\t\t\t<h2 class=\"elementor-heading-title elementor-size-default\">Warum Virtual Reality?<\/h2>\t\t<\/div>\n\t\t\t\t<\/div>\n\t\t\t\t<div class=\"elementor-element elementor-element-8b0bc30 elementor-widget elementor-widget-text-editor\" data-id=\"8b0bc30\" data-element_type=\"widget\" data-widget_type=\"text-editor.default\">\n\t\t\t\t<div class=\"elementor-widget-container\">\n\t\t\t\t\t\t\t<p class=\"MsoNormal\">Die Zukunft der Badplanung liegt in der virtuellen Realit\u00e4t. Kein anderes Medium erm\u00f6glicht Ihnen einen derart realistischen Eindruck Ihres Projekts. Sehen Sie nicht nur ein Bild, sondern f\u00fchlen Sie den Raum. Lassen Sie Ihre Ideen wachsen \u2013 und das alles, bevor der erste Stein gesetzt wird.<\/p>\t\t\t\t\t\t<\/div>\n\t\t\t\t<\/div>\n\t\t\t\t<div class=\"elementor-element elementor-element-20e7ef3 elementor-widget elementor-widget-heading\" data-id=\"20e7ef3\" data-element_type=\"widget\" data-widget_type=\"heading.default\">\n\t\t\t\t<div class=\"elementor-widget-container\">\n\t\t\t<h2 class=\"elementor-heading-title elementor-size-default\">Jetzt Termin vereinbaren!<\/h2>\t\t<\/div>\n\t\t\t\t<\/div>\n\t\t\t\t<div class=\"elementor-element elementor-element-210f595 elementor-widget elementor-widget-text-editor\" data-id=\"210f595\" data-element_type=\"widget\" data-widget_type=\"text-editor.default\">\n\t\t\t\t<div class=\"elementor-widget-container\">\n\t\t\t\t\t\t\t<p class=\"MsoNormal\">Buchen Sie noch heute Ihren pers\u00f6nlichen Termin und lassen Sie uns gemeinsam Ihr Traumbad gestalten.<\/p>\t\t\t\t\t\t<\/div>\n\t\t\t\t<\/div>\n\t\t\t\t<div class=\"elementor-element elementor-element-acd1ebb elementor-align-left elementor-widget elementor-widget-button\" data-id=\"acd1ebb\" data-element_type=\"widget\" data-widget_type=\"button.default\">\n\t\t\t\t<div class=\"elementor-widget-container\">\n\t\t\t\t\t<div class=\"elementor-button-wrapper\">\n\t\t\t<a class=\"elementor-button elementor-button-link elementor-size-sm\" href=\"https:\/\/will.gmbh\/index.php\/kontakt\/\">\n\t\t\t\t\t\t<span class=\"elementor-button-content-wrapper\">\n\t\t\t\t\t\t\t\t\t<span class=\"elementor-button-text\">Ja, ich WILL!<\/span>\n\t\t\t\t\t<\/span>\n\t\t\t\t\t<\/a>\n\t\t<\/div>\n\t\t\t\t<\/div>\n\t\t\t\t<\/div>\n\t\t\t\t\t<\/div>\n\t\t<\/div>\n\t\t\t\t\t<\/div>\n\t\t<\/section>\n\t\t\t\t<section class=\"elementor-section elementor-top-section elementor-element elementor-element-52c00a2 elementor-section-boxed elementor-section-height-default elementor-section-height-default\" data-id=\"52c00a2\" data-element_type=\"section\">\n\t\t\t\t\t\t<div class=\"elementor-container elementor-column-gap-default\">\n\t\t\t\t\t<div class=\"elementor-column elementor-col-100 elementor-top-column elementor-element elementor-element-71bdb76\" data-id=\"71bdb76\" data-element_type=\"column\">\n\t\t\t<div class=\"elementor-widget-wrap elementor-element-populated\">\n\t\t\t\t\t\t<div class=\"elementor-element elementor-element-e829847 elementor-widget elementor-widget-spacer\" data-id=\"e829847\" data-element_type=\"widget\" data-widget_type=\"spacer.default\">\n\t\t\t\t<div class=\"elementor-widget-container\">\n\t\t\t\t\t<div class=\"elementor-spacer\">\n\t\t\t<div class=\"elementor-spacer-inner\"><\/div>\n\t\t<\/div>\n\t\t\t\t<\/div>\n\t\t\t\t<\/div>\n\t\t\t\t\t<\/div>\n\t\t<\/div>\n\t\t\t\t\t<\/div>\n\t\t<\/section>\n\t\t\t\t<\/div>\n\t\t","protected":false},"excerpt":{"rendered":"<p>Erleben Sie Ihr neues Bad \u2013 schon heute, in WILL VR! In unserem hochmodernen VR-Raum erleben Sie Ihr neues Bad bereits vor Baubeginn. Dank neuester 3D-VR-Technologie und High-End-Software k\u00f6nnen Sie jede Fliese, jede Armatur und jedes Detail hautnah begutachten. So wird Ihre Badplanung nicht nur sichtbar, sondern sp\u00fcrbar. Der VR-Raum \u2013 Innovation hautnah Unser VR-Raum&hellip;&nbsp;<a href=\"https:\/\/will.gmbh\/index.php\/vr\/\" class=\"\" rel=\"bookmark\">Weiterlesen &raquo;<span class=\"screen-reader-text\">vr<\/span><\/a><\/p>\n","protected":false},"author":1,"featured_media":0,"parent":0,"menu_order":0,"comment_status":"closed","ping_status":"closed","template":"page-templates\/template-pagebuilder-full-width.php","meta":{"neve_meta_sidebar":"","neve_meta_container":"","neve_meta_enable_content_width":"","neve_meta_content_width":0,"neve_meta_title_alignment":"","neve_meta_author_avatar":"","neve_post_elements_order":"","neve_meta_disable_header":"","neve_meta_disable_footer":"","neve_meta_disable_title":"","_ti_tpc_template_sync":false,"_ti_tpc_template_id":"","footnotes":""},"_links":{"self":[{"href":"https:\/\/will.gmbh\/index.php\/wp-json\/wp\/v2\/pages\/2885"}],"collection":[{"href":"https:\/\/will.gmbh\/index.php\/wp-json\/wp\/v2\/pages"}],"about":[{"href":"https:\/\/will.gmbh\/index.php\/wp-json\/wp\/v2\/types\/page"}],"author":[{"embeddable":true,"href":"https:\/\/will.gmbh\/index.php\/wp-json\/wp\/v2\/users\/1"}],"replies":[{"embeddable":true,"href":"https:\/\/will.gmbh\/index.php\/wp-json\/wp\/v2\/comments?post=2885"}],"version-history":[{"count":20,"href":"https:\/\/will.gmbh\/index.php\/wp-json\/wp\/v2\/pages\/2885\/revisions"}],"predecessor-version":[{"id":2917,"href":"https:\/\/will.gmbh\/index.php\/wp-json\/wp\/v2\/pages\/2885\/revisions\/2917"}],"wp:attachment":[{"href":"https:\/\/will.gmbh\/index.php\/wp-json\/wp\/v2\/media?parent=2885"}],"curies":[{"name":"wp","href":"https:\/\/api.w.org\/{rel}","templated":true}]}}