{"id":2425,"date":"2024-01-08T15:09:27","date_gmt":"2024-01-08T15:09:27","guid":{"rendered":"https:\/\/will.gmbh\/?page_id=2425"},"modified":"2025-06-11T05:06:42","modified_gmt":"2025-06-11T05:06:42","slug":"ueber-uns","status":"publish","type":"page","link":"https:\/\/will.gmbh\/index.php\/ueber-uns\/","title":{"rendered":"\u00dcber uns"},"content":{"rendered":"\t\t<div data-elementor-type=\"wp-page\" data-elementor-id=\"2425\" class=\"elementor elementor-2425\">\n\t\t\t\t\t\t<section class=\"elementor-section elementor-top-section elementor-element elementor-element-0fa68ca elementor-section-boxed elementor-section-height-default elementor-section-height-default\" data-id=\"0fa68ca\" data-element_type=\"section\" data-settings=\"{&quot;background_background&quot;:&quot;classic&quot;}\">\n\t\t\t\t\t\t<div class=\"elementor-container elementor-column-gap-default\">\n\t\t\t\t\t<div class=\"elementor-column elementor-col-100 elementor-top-column elementor-element elementor-element-81f74fb\" data-id=\"81f74fb\" data-element_type=\"column\">\n\t\t\t<div class=\"elementor-widget-wrap elementor-element-populated\">\n\t\t\t\t\t\t<div class=\"elementor-element elementor-element-cbb583b elementor-align-right elementor-widget elementor-widget-button\" data-id=\"cbb583b\" data-element_type=\"widget\" data-widget_type=\"button.default\">\n\t\t\t\t<div class=\"elementor-widget-container\">\n\t\t\t\t\t<div class=\"elementor-button-wrapper\">\n\t\t\t<a class=\"elementor-button elementor-button-link elementor-size-xl\" href=\"https:\/\/will.gmbh\/index.php\/kontakt\/\">\n\t\t\t\t\t\t<span class=\"elementor-button-content-wrapper\">\n\t\t\t\t\t\t\t\t\t<span class=\"elementor-button-text\">Beratungstermin vereinbaren<\/span>\n\t\t\t\t\t<\/span>\n\t\t\t\t\t<\/a>\n\t\t<\/div>\n\t\t\t\t<\/div>\n\t\t\t\t<\/div>\n\t\t\t\t\t<\/div>\n\t\t<\/div>\n\t\t\t\t\t<\/div>\n\t\t<\/section>\n\t\t\t\t<section class=\"elementor-section elementor-top-section elementor-element elementor-element-903103c elementor-section-boxed elementor-section-height-default elementor-section-height-default\" data-id=\"903103c\" data-element_type=\"section\">\n\t\t\t\t\t\t<div class=\"elementor-container elementor-column-gap-default\">\n\t\t\t\t\t<div class=\"elementor-column elementor-col-100 elementor-top-column elementor-element elementor-element-4696335\" data-id=\"4696335\" data-element_type=\"column\">\n\t\t\t<div class=\"elementor-widget-wrap elementor-element-populated\">\n\t\t\t\t\t\t<div class=\"elementor-element elementor-element-5e26211 elementor-widget elementor-widget-spacer\" data-id=\"5e26211\" data-element_type=\"widget\" data-widget_type=\"spacer.default\">\n\t\t\t\t<div class=\"elementor-widget-container\">\n\t\t\t\t\t<div class=\"elementor-spacer\">\n\t\t\t<div class=\"elementor-spacer-inner\"><\/div>\n\t\t<\/div>\n\t\t\t\t<\/div>\n\t\t\t\t<\/div>\n\t\t\t\t\t<\/div>\n\t\t<\/div>\n\t\t\t\t\t<\/div>\n\t\t<\/section>\n\t\t\t\t<section class=\"elementor-section elementor-top-section elementor-element elementor-element-0b2833d elementor-section-boxed elementor-section-height-default elementor-section-height-default\" data-id=\"0b2833d\" data-element_type=\"section\">\n\t\t\t\t\t\t<div class=\"elementor-container elementor-column-gap-default\">\n\t\t\t\t\t<div class=\"elementor-column elementor-col-100 elementor-top-column elementor-element elementor-element-621cb19\" data-id=\"621cb19\" data-element_type=\"column\">\n\t\t\t<div class=\"elementor-widget-wrap elementor-element-populated\">\n\t\t\t\t\t\t<div class=\"elementor-element elementor-element-11f54c2 elementor-widget elementor-widget-heading\" data-id=\"11f54c2\" data-element_type=\"widget\" data-widget_type=\"heading.default\">\n\t\t\t\t<div class=\"elementor-widget-container\">\n\t\t\t<h2 class=\"elementor-heading-title elementor-size-default\">Die Will GmbH - \u00fcber 100 Jahre jung<\/h2>\t\t<\/div>\n\t\t\t\t<\/div>\n\t\t\t\t\t<\/div>\n\t\t<\/div>\n\t\t\t\t\t<\/div>\n\t\t<\/section>\n\t\t\t\t<section class=\"elementor-section elementor-top-section elementor-element elementor-element-f28548f elementor-section-boxed elementor-section-height-default elementor-section-height-default\" data-id=\"f28548f\" data-element_type=\"section\">\n\t\t\t\t\t\t<div class=\"elementor-container elementor-column-gap-default\">\n\t\t\t\t\t<div class=\"elementor-column elementor-col-100 elementor-top-column elementor-element elementor-element-51abf76\" data-id=\"51abf76\" data-element_type=\"column\">\n\t\t\t<div class=\"elementor-widget-wrap elementor-element-populated\">\n\t\t\t\t\t\t<div class=\"elementor-element elementor-element-60a8b98 elementor-widget elementor-widget-spacer\" data-id=\"60a8b98\" data-element_type=\"widget\" data-widget_type=\"spacer.default\">\n\t\t\t\t<div class=\"elementor-widget-container\">\n\t\t\t\t\t<div class=\"elementor-spacer\">\n\t\t\t<div class=\"elementor-spacer-inner\"><\/div>\n\t\t<\/div>\n\t\t\t\t<\/div>\n\t\t\t\t<\/div>\n\t\t\t\t\t<\/div>\n\t\t<\/div>\n\t\t\t\t\t<\/div>\n\t\t<\/section>\n\t\t\t\t<section class=\"elementor-section elementor-top-section elementor-element elementor-element-91dc8d7 elementor-section-boxed elementor-section-height-default elementor-section-height-default\" data-id=\"91dc8d7\" data-element_type=\"section\">\n\t\t\t\t\t\t<div class=\"elementor-container elementor-column-gap-default\">\n\t\t\t\t\t<div class=\"elementor-column elementor-col-50 elementor-top-column elementor-element elementor-element-a914ca9\" data-id=\"a914ca9\" data-element_type=\"column\">\n\t\t\t<div class=\"elementor-widget-wrap elementor-element-populated\">\n\t\t\t\t\t\t<div class=\"elementor-element elementor-element-abba9fc elementor-widget elementor-widget-text-editor\" data-id=\"abba9fc\" data-element_type=\"widget\" data-widget_type=\"text-editor.default\">\n\t\t\t\t<div class=\"elementor-widget-container\">\n\t\t\t\t\t\t\t<p><strong>Die ersten Schritte<\/strong><\/p><p>Gustav Will ist mutig und voller Tatendrang. 1920 gr\u00fcndet er die \u201eBiebricher Eisen- und Metallhandlung Will &amp; Co. Auf diesem Gebiet m\u00f6chte er nicht nur professionell, sondern auch fortschrittliche Produkte anbieten.<\/p>\t\t\t\t\t\t<\/div>\n\t\t\t\t<\/div>\n\t\t\t\t<div class=\"elementor-element elementor-element-dd10867 elementor-widget elementor-widget-text-editor\" data-id=\"dd10867\" data-element_type=\"widget\" data-widget_type=\"text-editor.default\">\n\t\t\t\t<div class=\"elementor-widget-container\">\n\t\t\t\t\t\t\t<p><strong>Das Traditionsunternehmen<\/strong><\/p><p>Die Qualit\u00e4t der Produkte kommt bei der Kundschaft sehr gut an und legt den Grundstein f\u00fcr die weitere Erfolgsgeschichte. Unter dem Motto \u201eTradition ist bewahrter Fortschritt, Fortschritt ist weitergef\u00fchrte Tradition\u201c entwickelt sich die Firma \u2013 von der \u201eBiebricher Eisen- und Metallhandlung\u201c zur \u201eWILL Bau &amp; Bad GmbH\u201c. \u00a0Heute ist die vierte Generation unter der Leitung von Robert Will am Steuer.<\/p>\t\t\t\t\t\t<\/div>\n\t\t\t\t<\/div>\n\t\t\t\t<div class=\"elementor-element elementor-element-bb35e7d elementor-widget elementor-widget-text-editor\" data-id=\"bb35e7d\" data-element_type=\"widget\" data-widget_type=\"text-editor.default\">\n\t\t\t\t<div class=\"elementor-widget-container\">\n\t\t\t\t\t\t\t<p><strong>Fr\u00fch in der Verantwortung<\/strong><\/p><p>Robert Will ist gerade mal 27 Jahre alt, als er die Gesch\u00e4ftsf\u00fchrung am Standort Mainz-Kastel in Wiesbaden \u00fcbernimmt. Er bringt eine sehr gute Fachausbildung und ein BWL-Studium mit. Aber viel Erfahrung hat er nicht.\u00a0<\/p>\t\t\t\t\t\t<\/div>\n\t\t\t\t<\/div>\n\t\t\t\t\t<\/div>\n\t\t<\/div>\n\t\t\t\t<div class=\"elementor-column elementor-col-50 elementor-top-column elementor-element elementor-element-debf43c\" data-id=\"debf43c\" data-element_type=\"column\">\n\t\t\t<div class=\"elementor-widget-wrap elementor-element-populated\">\n\t\t\t\t\t\t<section class=\"elementor-section elementor-inner-section elementor-element elementor-element-f1dabd4 elementor-section-boxed elementor-section-height-default elementor-section-height-default\" data-id=\"f1dabd4\" data-element_type=\"section\">\n\t\t\t\t\t\t<div class=\"elementor-container elementor-column-gap-default\">\n\t\t\t\t\t<div class=\"elementor-column elementor-col-50 elementor-inner-column elementor-element elementor-element-0dbae71\" data-id=\"0dbae71\" data-element_type=\"column\">\n\t\t\t<div class=\"elementor-widget-wrap elementor-element-populated\">\n\t\t\t\t\t\t<div class=\"elementor-element elementor-element-a7a626e elementor-widget elementor-widget-image\" data-id=\"a7a626e\" data-element_type=\"widget\" data-widget_type=\"image.default\">\n\t\t\t\t<div class=\"elementor-widget-container\">\n\t\t\t\t\t\t\t\t\t\t\t\t\t<img fetchpriority=\"high\" decoding=\"async\" width=\"544\" height=\"750\" src=\"https:\/\/will.gmbh\/wp-content\/uploads\/2024\/01\/will_logo_1920.png\" class=\"attachment-large size-large wp-image-2506\" alt=\"\" srcset=\"https:\/\/will.gmbh\/wp-content\/uploads\/2024\/01\/will_logo_1920.png 544w, https:\/\/will.gmbh\/wp-content\/uploads\/2024\/01\/will_logo_1920-218x300.png 218w\" sizes=\"(max-width: 544px) 100vw, 544px\" \/>\t\t\t\t\t\t\t\t\t\t\t\t\t<\/div>\n\t\t\t\t<\/div>\n\t\t\t\t\t<\/div>\n\t\t<\/div>\n\t\t\t\t<div class=\"elementor-column elementor-col-50 elementor-inner-column elementor-element elementor-element-bec34f8\" data-id=\"bec34f8\" data-element_type=\"column\">\n\t\t\t<div class=\"elementor-widget-wrap elementor-element-populated\">\n\t\t\t\t\t\t<div class=\"elementor-element elementor-element-32197e2 elementor-widget elementor-widget-image\" data-id=\"32197e2\" data-element_type=\"widget\" data-widget_type=\"image.default\">\n\t\t\t\t<div class=\"elementor-widget-container\">\n\t\t\t\t\t\t\t\t\t\t\t\t\t<img decoding=\"async\" width=\"544\" height=\"750\" src=\"https:\/\/will.gmbh\/wp-content\/uploads\/2024\/01\/will_logo_1973.png\" class=\"attachment-large size-large wp-image-2507\" alt=\"\" srcset=\"https:\/\/will.gmbh\/wp-content\/uploads\/2024\/01\/will_logo_1973.png 544w, https:\/\/will.gmbh\/wp-content\/uploads\/2024\/01\/will_logo_1973-218x300.png 218w\" sizes=\"(max-width: 544px) 100vw, 544px\" \/>\t\t\t\t\t\t\t\t\t\t\t\t\t<\/div>\n\t\t\t\t<\/div>\n\t\t\t\t\t<\/div>\n\t\t<\/div>\n\t\t\t\t\t<\/div>\n\t\t<\/section>\n\t\t\t\t<section class=\"elementor-section elementor-inner-section elementor-element elementor-element-f5c4d2e elementor-section-boxed elementor-section-height-default elementor-section-height-default\" data-id=\"f5c4d2e\" data-element_type=\"section\">\n\t\t\t\t\t\t<div class=\"elementor-container elementor-column-gap-default\">\n\t\t\t\t\t<div class=\"elementor-column elementor-col-50 elementor-inner-column elementor-element elementor-element-487c821\" data-id=\"487c821\" data-element_type=\"column\">\n\t\t\t<div class=\"elementor-widget-wrap elementor-element-populated\">\n\t\t\t\t\t\t<div class=\"elementor-element elementor-element-3fc30f0 elementor-widget elementor-widget-image\" data-id=\"3fc30f0\" data-element_type=\"widget\" data-widget_type=\"image.default\">\n\t\t\t\t<div class=\"elementor-widget-container\">\n\t\t\t\t\t\t\t\t\t\t\t\t\t<img decoding=\"async\" width=\"544\" height=\"750\" src=\"https:\/\/will.gmbh\/wp-content\/uploads\/2024\/01\/will_logo_1989.png\" class=\"attachment-large size-large wp-image-2508\" alt=\"\" srcset=\"https:\/\/will.gmbh\/wp-content\/uploads\/2024\/01\/will_logo_1989.png 544w, https:\/\/will.gmbh\/wp-content\/uploads\/2024\/01\/will_logo_1989-218x300.png 218w\" sizes=\"(max-width: 544px) 100vw, 544px\" \/>\t\t\t\t\t\t\t\t\t\t\t\t\t<\/div>\n\t\t\t\t<\/div>\n\t\t\t\t\t<\/div>\n\t\t<\/div>\n\t\t\t\t<div class=\"elementor-column elementor-col-50 elementor-inner-column elementor-element elementor-element-d4f3334\" data-id=\"d4f3334\" data-element_type=\"column\">\n\t\t\t<div class=\"elementor-widget-wrap elementor-element-populated\">\n\t\t\t\t\t\t<div class=\"elementor-element elementor-element-993a50e elementor-widget elementor-widget-image\" data-id=\"993a50e\" data-element_type=\"widget\" data-widget_type=\"image.default\">\n\t\t\t\t<div class=\"elementor-widget-container\">\n\t\t\t\t\t\t\t\t\t\t\t\t\t<img loading=\"lazy\" decoding=\"async\" width=\"544\" height=\"750\" src=\"https:\/\/will.gmbh\/wp-content\/uploads\/2024\/01\/will_logo_2000.png\" class=\"attachment-large size-large wp-image-2509\" alt=\"\" srcset=\"https:\/\/will.gmbh\/wp-content\/uploads\/2024\/01\/will_logo_2000.png 544w, https:\/\/will.gmbh\/wp-content\/uploads\/2024\/01\/will_logo_2000-218x300.png 218w\" sizes=\"(max-width: 544px) 100vw, 544px\" \/>\t\t\t\t\t\t\t\t\t\t\t\t\t<\/div>\n\t\t\t\t<\/div>\n\t\t\t\t\t<\/div>\n\t\t<\/div>\n\t\t\t\t\t<\/div>\n\t\t<\/section>\n\t\t\t\t\t<\/div>\n\t\t<\/div>\n\t\t\t\t\t<\/div>\n\t\t<\/section>\n\t\t\t\t<section class=\"elementor-section elementor-top-section elementor-element elementor-element-4185666 elementor-section-boxed elementor-section-height-default elementor-section-height-default\" data-id=\"4185666\" data-element_type=\"section\">\n\t\t\t\t\t\t<div class=\"elementor-container elementor-column-gap-default\">\n\t\t\t\t\t<div class=\"elementor-column elementor-col-100 elementor-top-column elementor-element elementor-element-4c02909\" data-id=\"4c02909\" data-element_type=\"column\">\n\t\t\t<div class=\"elementor-widget-wrap elementor-element-populated\">\n\t\t\t\t\t\t<div class=\"elementor-element elementor-element-e527a6f elementor-widget elementor-widget-spacer\" data-id=\"e527a6f\" data-element_type=\"widget\" data-widget_type=\"spacer.default\">\n\t\t\t\t<div class=\"elementor-widget-container\">\n\t\t\t\t\t<div class=\"elementor-spacer\">\n\t\t\t<div class=\"elementor-spacer-inner\"><\/div>\n\t\t<\/div>\n\t\t\t\t<\/div>\n\t\t\t\t<\/div>\n\t\t\t\t\t<\/div>\n\t\t<\/div>\n\t\t\t\t\t<\/div>\n\t\t<\/section>\n\t\t\t\t<section class=\"elementor-section elementor-top-section elementor-element elementor-element-a7aaa04 elementor-section-boxed elementor-section-height-default elementor-section-height-default\" data-id=\"a7aaa04\" data-element_type=\"section\">\n\t\t\t\t\t\t<div class=\"elementor-container elementor-column-gap-default\">\n\t\t\t\t\t<div class=\"elementor-column elementor-col-50 elementor-top-column elementor-element elementor-element-8550fb9\" data-id=\"8550fb9\" data-element_type=\"column\">\n\t\t\t<div class=\"elementor-widget-wrap elementor-element-populated\">\n\t\t\t\t\t\t<section class=\"elementor-section elementor-inner-section elementor-element elementor-element-2a611c2 elementor-section-boxed elementor-section-height-default elementor-section-height-default\" data-id=\"2a611c2\" data-element_type=\"section\">\n\t\t\t\t\t\t<div class=\"elementor-container elementor-column-gap-default\">\n\t\t\t\t\t<div class=\"elementor-column elementor-col-50 elementor-inner-column elementor-element elementor-element-14c24f7\" data-id=\"14c24f7\" data-element_type=\"column\">\n\t\t\t<div class=\"elementor-widget-wrap elementor-element-populated\">\n\t\t\t\t\t\t<div class=\"elementor-element elementor-element-b172271 elementor-widget elementor-widget-image\" data-id=\"b172271\" data-element_type=\"widget\" data-widget_type=\"image.default\">\n\t\t\t\t<div class=\"elementor-widget-container\">\n\t\t\t\t\t\t\t\t\t\t\t\t\t<img loading=\"lazy\" decoding=\"async\" width=\"544\" height=\"750\" src=\"https:\/\/will.gmbh\/wp-content\/uploads\/2020\/11\/klein_gustav_will_1920_1939.png\" class=\"attachment-large size-large wp-image-402\" alt=\"\" srcset=\"https:\/\/will.gmbh\/wp-content\/uploads\/2020\/11\/klein_gustav_will_1920_1939.png 544w, https:\/\/will.gmbh\/wp-content\/uploads\/2020\/11\/klein_gustav_will_1920_1939-218x300.png 218w\" sizes=\"(max-width: 544px) 100vw, 544px\" \/>\t\t\t\t\t\t\t\t\t\t\t\t\t<\/div>\n\t\t\t\t<\/div>\n\t\t\t\t\t<\/div>\n\t\t<\/div>\n\t\t\t\t<div class=\"elementor-column elementor-col-50 elementor-inner-column elementor-element elementor-element-3d958d3\" data-id=\"3d958d3\" data-element_type=\"column\">\n\t\t\t<div class=\"elementor-widget-wrap elementor-element-populated\">\n\t\t\t\t\t\t<div class=\"elementor-element elementor-element-1ad03f7 elementor-widget elementor-widget-image\" data-id=\"1ad03f7\" data-element_type=\"widget\" data-widget_type=\"image.default\">\n\t\t\t\t<div class=\"elementor-widget-container\">\n\t\t\t\t\t\t\t\t\t\t\t\t\t<img loading=\"lazy\" decoding=\"async\" width=\"544\" height=\"750\" src=\"https:\/\/will.gmbh\/wp-content\/uploads\/2020\/11\/klein_kurt_will.png\" class=\"attachment-large size-large wp-image-404\" alt=\"\" srcset=\"https:\/\/will.gmbh\/wp-content\/uploads\/2020\/11\/klein_kurt_will.png 544w, https:\/\/will.gmbh\/wp-content\/uploads\/2020\/11\/klein_kurt_will-218x300.png 218w\" sizes=\"(max-width: 544px) 100vw, 544px\" \/>\t\t\t\t\t\t\t\t\t\t\t\t\t<\/div>\n\t\t\t\t<\/div>\n\t\t\t\t\t<\/div>\n\t\t<\/div>\n\t\t\t\t\t<\/div>\n\t\t<\/section>\n\t\t\t\t<section class=\"elementor-section elementor-inner-section elementor-element elementor-element-cf19d76 elementor-section-boxed elementor-section-height-default elementor-section-height-default\" data-id=\"cf19d76\" data-element_type=\"section\">\n\t\t\t\t\t\t<div class=\"elementor-container elementor-column-gap-default\">\n\t\t\t\t\t<div class=\"elementor-column elementor-col-50 elementor-inner-column elementor-element elementor-element-e88e8ec\" data-id=\"e88e8ec\" data-element_type=\"column\">\n\t\t\t<div class=\"elementor-widget-wrap elementor-element-populated\">\n\t\t\t\t\t\t<div class=\"elementor-element elementor-element-d8a1f7f elementor-widget elementor-widget-image\" data-id=\"d8a1f7f\" data-element_type=\"widget\" data-widget_type=\"image.default\">\n\t\t\t\t<div class=\"elementor-widget-container\">\n\t\t\t\t\t\t\t\t\t\t\t\t\t<img loading=\"lazy\" decoding=\"async\" width=\"544\" height=\"750\" src=\"https:\/\/will.gmbh\/wp-content\/uploads\/2020\/11\/klein_karlheinz_will.png\" class=\"attachment-large size-large wp-image-403\" alt=\"\" srcset=\"https:\/\/will.gmbh\/wp-content\/uploads\/2020\/11\/klein_karlheinz_will.png 544w, https:\/\/will.gmbh\/wp-content\/uploads\/2020\/11\/klein_karlheinz_will-218x300.png 218w\" sizes=\"(max-width: 544px) 100vw, 544px\" \/>\t\t\t\t\t\t\t\t\t\t\t\t\t<\/div>\n\t\t\t\t<\/div>\n\t\t\t\t\t<\/div>\n\t\t<\/div>\n\t\t\t\t<div class=\"elementor-column elementor-col-50 elementor-inner-column elementor-element elementor-element-c847adf\" data-id=\"c847adf\" data-element_type=\"column\">\n\t\t\t<div class=\"elementor-widget-wrap elementor-element-populated\">\n\t\t\t\t\t\t<div class=\"elementor-element elementor-element-bf0d455 elementor-widget elementor-widget-image\" data-id=\"bf0d455\" data-element_type=\"widget\" data-widget_type=\"image.default\">\n\t\t\t\t<div class=\"elementor-widget-container\">\n\t\t\t\t\t\t\t\t\t\t\t\t\t<img loading=\"lazy\" decoding=\"async\" width=\"544\" height=\"750\" src=\"https:\/\/will.gmbh\/wp-content\/uploads\/2023\/05\/rwill_2022.png\" class=\"attachment-large size-large wp-image-1852\" alt=\"\" srcset=\"https:\/\/will.gmbh\/wp-content\/uploads\/2023\/05\/rwill_2022.png 544w, https:\/\/will.gmbh\/wp-content\/uploads\/2023\/05\/rwill_2022-218x300.png 218w\" sizes=\"(max-width: 544px) 100vw, 544px\" \/>\t\t\t\t\t\t\t\t\t\t\t\t\t<\/div>\n\t\t\t\t<\/div>\n\t\t\t\t\t<\/div>\n\t\t<\/div>\n\t\t\t\t\t<\/div>\n\t\t<\/section>\n\t\t\t\t\t<\/div>\n\t\t<\/div>\n\t\t\t\t<div class=\"elementor-column elementor-col-50 elementor-top-column elementor-element elementor-element-f59f33f\" data-id=\"f59f33f\" data-element_type=\"column\">\n\t\t\t<div class=\"elementor-widget-wrap elementor-element-populated\">\n\t\t\t\t\t\t<div class=\"elementor-element elementor-element-77851ab elementor-widget elementor-widget-text-editor\" data-id=\"77851ab\" data-element_type=\"widget\" data-widget_type=\"text-editor.default\">\n\t\t\t\t<div class=\"elementor-widget-container\">\n\t\t\t\t\t\t\t<p><strong>Der Weg zum modernen Badspezialisten<\/strong><\/p><p>Die Zeiten sind herausfordernd. Robert Will m\u00f6chte das Gesch\u00e4ft modernisieren. Zudem muss die Produktivit\u00e4t gesteigert werden, weil Anforderungen sich schnell \u00e4ndern. Auch die Kunden kommen mit neuen Erwartungen in punkto Service nach Wiesbaden. Weil alle Mitarbeiterinnen und Mitarbeiter an einem Strang ziehen, meistert das Unternehmen alle Herausforderungen.<\/p>\t\t\t\t\t\t<\/div>\n\t\t\t\t<\/div>\n\t\t\t\t<div class=\"elementor-element elementor-element-6be1838 elementor-widget elementor-widget-text-editor\" data-id=\"6be1838\" data-element_type=\"widget\" data-widget_type=\"text-editor.default\">\n\t\t\t\t<div class=\"elementor-widget-container\">\n\t\t\t\t\t\t\t<p><strong>Flache Hierarchien und schnelle Entscheidungen<\/strong><\/p><p>Robert Will entwickelt im Laufe der Jahre die Unternehmenskultur weiter. Er legt Wert auf weniger Hierarchien, den direkten Austausch und auf eine Begegnung auf Augenh\u00f6he. Gleichzeitig ist ihm die\u00a0 Wahrung der famili\u00e4ren Atmosph\u00e4re wichtig.<\/p>\t\t\t\t\t\t<\/div>\n\t\t\t\t<\/div>\n\t\t\t\t<div class=\"elementor-element elementor-element-9bb08ca elementor-widget elementor-widget-text-editor\" data-id=\"9bb08ca\" data-element_type=\"widget\" data-widget_type=\"text-editor.default\">\n\t\t\t\t<div class=\"elementor-widget-container\">\n\t\t\t\t\t\t\t<p><strong>Die kreativen Badspezialisten<\/strong><\/p><p>Auch inhaltlich positioniert sich das Unternehmen vom klassischen Haustechnik-Gro\u00dfhandel zum kreativen Badspezialisten neu. So wird in den Vordergrund ger\u00fcckt, was schon lange Tradition hat \u2013 die Freude am gemeinsamen Entwickeln von frischen Ideen f\u00fcr unterschiedliche B\u00e4der. Durch das 360\u00b0-Produktportfolio k\u00f6nnen die Kunden dann das komplette Bad von der Fliese \u00fcber die Armaturen bis hin zur Beleuchtung sehen und es entsprechend planen und realisieren lassen.<\/p>\t\t\t\t\t\t<\/div>\n\t\t\t\t<\/div>\n\t\t\t\t\t<\/div>\n\t\t<\/div>\n\t\t\t\t\t<\/div>\n\t\t<\/section>\n\t\t\t\t<section class=\"elementor-section elementor-top-section elementor-element elementor-element-9c2d7a7 elementor-section-boxed elementor-section-height-default elementor-section-height-default\" data-id=\"9c2d7a7\" data-element_type=\"section\">\n\t\t\t\t\t\t<div class=\"elementor-container elementor-column-gap-default\">\n\t\t\t\t\t<div class=\"elementor-column elementor-col-100 elementor-top-column elementor-element elementor-element-01cb441\" data-id=\"01cb441\" data-element_type=\"column\">\n\t\t\t<div class=\"elementor-widget-wrap elementor-element-populated\">\n\t\t\t\t\t\t<div class=\"elementor-element elementor-element-5eb3323 elementor-widget elementor-widget-spacer\" data-id=\"5eb3323\" data-element_type=\"widget\" data-widget_type=\"spacer.default\">\n\t\t\t\t<div class=\"elementor-widget-container\">\n\t\t\t\t\t<div class=\"elementor-spacer\">\n\t\t\t<div class=\"elementor-spacer-inner\"><\/div>\n\t\t<\/div>\n\t\t\t\t<\/div>\n\t\t\t\t<\/div>\n\t\t\t\t\t<\/div>\n\t\t<\/div>\n\t\t\t\t\t<\/div>\n\t\t<\/section>\n\t\t\t\t<\/div>\n\t\t","protected":false},"excerpt":{"rendered":"<p>Beratungstermin vereinbaren Die Will GmbH &#8211; \u00fcber 100 Jahre jung Die ersten Schritte Gustav Will ist mutig und voller Tatendrang. 1920 gr\u00fcndet er die \u201eBiebricher Eisen- und Metallhandlung Will &amp; Co. Auf diesem Gebiet m\u00f6chte er nicht nur professionell, sondern auch fortschrittliche Produkte anbieten. Das Traditionsunternehmen Die Qualit\u00e4t der Produkte kommt bei der Kundschaft sehr&hellip;&nbsp;<a href=\"https:\/\/will.gmbh\/index.php\/ueber-uns\/\" class=\"\" rel=\"bookmark\">Weiterlesen &raquo;<span class=\"screen-reader-text\">\u00dcber uns<\/span><\/a><\/p>\n","protected":false},"author":1,"featured_media":0,"parent":0,"menu_order":0,"comment_status":"closed","ping_status":"closed","template":"page-templates\/template-pagebuilder-full-width.php","meta":{"neve_meta_sidebar":"","neve_meta_container":"","neve_meta_enable_content_width":"","neve_meta_content_width":0,"neve_meta_title_alignment":"","neve_meta_author_avatar":"","neve_post_elements_order":"","neve_meta_disable_header":"","neve_meta_disable_footer":"","neve_meta_disable_title":"","_ti_tpc_template_sync":false,"_ti_tpc_template_id":"","footnotes":""},"_links":{"self":[{"href":"https:\/\/will.gmbh\/index.php\/wp-json\/wp\/v2\/pages\/2425"}],"collection":[{"href":"https:\/\/will.gmbh\/index.php\/wp-json\/wp\/v2\/pages"}],"about":[{"href":"https:\/\/will.gmbh\/index.php\/wp-json\/wp\/v2\/types\/page"}],"author":[{"embeddable":true,"href":"https:\/\/will.gmbh\/index.php\/wp-json\/wp\/v2\/users\/1"}],"replies":[{"embeddable":true,"href":"https:\/\/will.gmbh\/index.php\/wp-json\/wp\/v2\/comments?post=2425"}],"version-history":[{"count":25,"href":"https:\/\/will.gmbh\/index.php\/wp-json\/wp\/v2\/pages\/2425\/revisions"}],"predecessor-version":[{"id":2994,"href":"https:\/\/will.gmbh\/index.php\/wp-json\/wp\/v2\/pages\/2425\/revisions\/2994"}],"wp:attachment":[{"href":"https:\/\/will.gmbh\/index.php\/wp-json\/wp\/v2\/media?parent=2425"}],"curies":[{"name":"wp","href":"https:\/\/api.w.org\/{rel}","templated":true}]}}