{"id":2423,"date":"2024-01-08T15:08:31","date_gmt":"2024-01-08T15:08:31","guid":{"rendered":"https:\/\/will.gmbh\/?page_id=2423"},"modified":"2024-01-12T10:12:03","modified_gmt":"2024-01-12T10:12:03","slug":"workflow","status":"publish","type":"page","link":"https:\/\/will.gmbh\/index.php\/workflow\/","title":{"rendered":"Workflow"},"content":{"rendered":"\t\t<div data-elementor-type=\"wp-page\" data-elementor-id=\"2423\" class=\"elementor elementor-2423\">\n\t\t\t\t\t\t<section class=\"elementor-section elementor-top-section elementor-element elementor-element-0fa68ca elementor-section-boxed elementor-section-height-default elementor-section-height-default\" data-id=\"0fa68ca\" data-element_type=\"section\" data-settings=\"{&quot;background_background&quot;:&quot;classic&quot;}\">\n\t\t\t\t\t\t<div class=\"elementor-container elementor-column-gap-default\">\n\t\t\t\t\t<div class=\"elementor-column elementor-col-100 elementor-top-column elementor-element elementor-element-81f74fb\" data-id=\"81f74fb\" data-element_type=\"column\">\n\t\t\t<div class=\"elementor-widget-wrap elementor-element-populated\">\n\t\t\t\t\t\t<div class=\"elementor-element elementor-element-cbb583b elementor-align-right elementor-widget elementor-widget-button\" data-id=\"cbb583b\" data-element_type=\"widget\" data-widget_type=\"button.default\">\n\t\t\t\t<div class=\"elementor-widget-container\">\n\t\t\t\t\t<div class=\"elementor-button-wrapper\">\n\t\t\t<a class=\"elementor-button elementor-button-link elementor-size-xl\" href=\"https:\/\/will.gmbh\/index.php\/kontakt\/\">\n\t\t\t\t\t\t<span class=\"elementor-button-content-wrapper\">\n\t\t\t\t\t\t\t\t\t<span class=\"elementor-button-text\">Beratungstermin vereinbaren<\/span>\n\t\t\t\t\t<\/span>\n\t\t\t\t\t<\/a>\n\t\t<\/div>\n\t\t\t\t<\/div>\n\t\t\t\t<\/div>\n\t\t\t\t\t<\/div>\n\t\t<\/div>\n\t\t\t\t\t<\/div>\n\t\t<\/section>\n\t\t\t\t<section class=\"elementor-section elementor-top-section elementor-element elementor-element-a65891e elementor-section-boxed elementor-section-height-default elementor-section-height-default\" data-id=\"a65891e\" data-element_type=\"section\">\n\t\t\t\t\t\t<div class=\"elementor-container elementor-column-gap-default\">\n\t\t\t\t\t<div class=\"elementor-column elementor-col-100 elementor-top-column elementor-element elementor-element-1070620\" data-id=\"1070620\" data-element_type=\"column\">\n\t\t\t<div class=\"elementor-widget-wrap elementor-element-populated\">\n\t\t\t\t\t\t<div class=\"elementor-element elementor-element-3ac7d51 elementor-widget elementor-widget-spacer\" data-id=\"3ac7d51\" data-element_type=\"widget\" data-widget_type=\"spacer.default\">\n\t\t\t\t<div class=\"elementor-widget-container\">\n\t\t\t\t\t<div class=\"elementor-spacer\">\n\t\t\t<div class=\"elementor-spacer-inner\"><\/div>\n\t\t<\/div>\n\t\t\t\t<\/div>\n\t\t\t\t<\/div>\n\t\t\t\t\t<\/div>\n\t\t<\/div>\n\t\t\t\t\t<\/div>\n\t\t<\/section>\n\t\t\t\t<section class=\"elementor-section elementor-top-section elementor-element elementor-element-5397194 elementor-section-boxed elementor-section-height-default elementor-section-height-default\" data-id=\"5397194\" data-element_type=\"section\">\n\t\t\t\t\t\t<div class=\"elementor-container elementor-column-gap-default\">\n\t\t\t\t\t<div class=\"elementor-column elementor-col-100 elementor-top-column elementor-element elementor-element-c032554\" data-id=\"c032554\" data-element_type=\"column\">\n\t\t\t<div class=\"elementor-widget-wrap elementor-element-populated\">\n\t\t\t\t\t\t<div class=\"elementor-element elementor-element-af29227 elementor-widget elementor-widget-heading\" data-id=\"af29227\" data-element_type=\"widget\" data-widget_type=\"heading.default\">\n\t\t\t\t<div class=\"elementor-widget-container\">\n\t\t\t<h2 class=\"elementor-heading-title elementor-size-xl\">Der Workflow zum Traumbad in 5 Schritten<\/h2>\t\t<\/div>\n\t\t\t\t<\/div>\n\t\t\t\t\t<\/div>\n\t\t<\/div>\n\t\t\t\t\t<\/div>\n\t\t<\/section>\n\t\t\t\t<section class=\"elementor-section elementor-top-section elementor-element elementor-element-903103c elementor-section-boxed elementor-section-height-default elementor-section-height-default\" data-id=\"903103c\" data-element_type=\"section\">\n\t\t\t\t\t\t<div class=\"elementor-container elementor-column-gap-default\">\n\t\t\t\t\t<div class=\"elementor-column elementor-col-100 elementor-top-column elementor-element elementor-element-4696335\" data-id=\"4696335\" data-element_type=\"column\">\n\t\t\t<div class=\"elementor-widget-wrap elementor-element-populated\">\n\t\t\t\t\t\t<div class=\"elementor-element elementor-element-5e26211 elementor-widget elementor-widget-spacer\" data-id=\"5e26211\" data-element_type=\"widget\" data-widget_type=\"spacer.default\">\n\t\t\t\t<div class=\"elementor-widget-container\">\n\t\t\t\t\t<div class=\"elementor-spacer\">\n\t\t\t<div class=\"elementor-spacer-inner\"><\/div>\n\t\t<\/div>\n\t\t\t\t<\/div>\n\t\t\t\t<\/div>\n\t\t\t\t\t<\/div>\n\t\t<\/div>\n\t\t\t\t\t<\/div>\n\t\t<\/section>\n\t\t\t\t<section class=\"elementor-section elementor-top-section elementor-element elementor-element-301d870 elementor-section-boxed elementor-section-height-default elementor-section-height-default\" data-id=\"301d870\" data-element_type=\"section\">\n\t\t\t\t\t\t<div class=\"elementor-container elementor-column-gap-default\">\n\t\t\t\t\t<div class=\"elementor-column elementor-col-100 elementor-top-column elementor-element elementor-element-fb1e3d4\" data-id=\"fb1e3d4\" data-element_type=\"column\">\n\t\t\t<div class=\"elementor-widget-wrap elementor-element-populated\">\n\t\t\t\t\t\t<div class=\"elementor-element elementor-element-7be5be1 elementor-widget elementor-widget-heading\" data-id=\"7be5be1\" data-element_type=\"widget\" data-widget_type=\"heading.default\">\n\t\t\t\t<div class=\"elementor-widget-container\">\n\t\t\t<h2 class=\"elementor-heading-title elementor-size-large\">3 Schritte mit WILL<\/h2>\t\t<\/div>\n\t\t\t\t<\/div>\n\t\t\t\t\t<\/div>\n\t\t<\/div>\n\t\t\t\t\t<\/div>\n\t\t<\/section>\n\t\t\t\t<section class=\"elementor-section elementor-top-section elementor-element elementor-element-9772363 elementor-section-boxed elementor-section-height-default elementor-section-height-default\" data-id=\"9772363\" data-element_type=\"section\">\n\t\t\t\t\t\t<div class=\"elementor-container elementor-column-gap-default\">\n\t\t\t\t\t<div class=\"elementor-column elementor-col-25 elementor-top-column elementor-element elementor-element-8c58ebc\" data-id=\"8c58ebc\" data-element_type=\"column\">\n\t\t\t<div class=\"elementor-widget-wrap elementor-element-populated\">\n\t\t\t\t\t\t<div class=\"elementor-element elementor-element-814bbf7 elementor-widget elementor-widget-heading\" data-id=\"814bbf7\" data-element_type=\"widget\" data-widget_type=\"heading.default\">\n\t\t\t\t<div class=\"elementor-widget-container\">\n\t\t\t<h2 class=\"elementor-heading-title elementor-size-default\">1<\/h2>\t\t<\/div>\n\t\t\t\t<\/div>\n\t\t\t\t\t<\/div>\n\t\t<\/div>\n\t\t\t\t<div class=\"elementor-column elementor-col-25 elementor-top-column elementor-element elementor-element-69463b6\" data-id=\"69463b6\" data-element_type=\"column\">\n\t\t\t<div class=\"elementor-widget-wrap elementor-element-populated\">\n\t\t\t\t\t\t<div class=\"elementor-element elementor-element-1207d46 elementor-widget elementor-widget-image\" data-id=\"1207d46\" data-element_type=\"widget\" data-widget_type=\"image.default\">\n\t\t\t\t<div class=\"elementor-widget-container\">\n\t\t\t\t\t\t\t\t\t\t<figure class=\"wp-caption\">\n\t\t\t\t\t\t\t\t\t\t<img fetchpriority=\"high\" decoding=\"async\" width=\"1024\" height=\"683\" src=\"https:\/\/will.gmbh\/wp-content\/uploads\/2024\/01\/MCW50027-1024x683.jpg\" class=\"attachment-large size-large wp-image-2331\" alt=\"\" srcset=\"https:\/\/will.gmbh\/wp-content\/uploads\/2024\/01\/MCW50027-1024x683.jpg 1024w, https:\/\/will.gmbh\/wp-content\/uploads\/2024\/01\/MCW50027-300x200.jpg 300w, https:\/\/will.gmbh\/wp-content\/uploads\/2024\/01\/MCW50027-768x512.jpg 768w, https:\/\/will.gmbh\/wp-content\/uploads\/2024\/01\/MCW50027-1536x1025.jpg 1536w, https:\/\/will.gmbh\/wp-content\/uploads\/2024\/01\/MCW50027-2048x1366.jpg 2048w, https:\/\/will.gmbh\/wp-content\/uploads\/2024\/01\/MCW50027-930x620.jpg 930w\" sizes=\"(max-width: 1024px) 100vw, 1024px\" \/>\t\t\t\t\t\t\t\t\t\t\t<figcaption class=\"widget-image-caption wp-caption-text\"><\/figcaption>\n\t\t\t\t\t\t\t\t\t\t<\/figure>\n\t\t\t\t\t\t\t<\/div>\n\t\t\t\t<\/div>\n\t\t\t\t\t<\/div>\n\t\t<\/div>\n\t\t\t\t<div class=\"elementor-column elementor-col-50 elementor-top-column elementor-element elementor-element-7770b08\" data-id=\"7770b08\" data-element_type=\"column\">\n\t\t\t<div class=\"elementor-widget-wrap elementor-element-populated\">\n\t\t\t\t\t\t<div class=\"elementor-element elementor-element-a4930f2 elementor-widget elementor-widget-text-editor\" data-id=\"a4930f2\" data-element_type=\"widget\" data-widget_type=\"text-editor.default\">\n\t\t\t\t<div class=\"elementor-widget-container\">\n\t\t\t\t\t\t\t<p><strong>Das Badstudio: <\/strong><\/p><p>Entdecken Sie in unserer Ausstellung eine breite Palette hochwertiger Badmaterialien und -designs. Erleben Sie die Vielfalt und lassen Sie sich von verschiedenen Stilen inspirieren.<\/p>\t\t\t\t\t\t<\/div>\n\t\t\t\t<\/div>\n\t\t\t\t\t<\/div>\n\t\t<\/div>\n\t\t\t\t\t<\/div>\n\t\t<\/section>\n\t\t\t\t<section class=\"elementor-section elementor-top-section elementor-element elementor-element-1211a3c elementor-section-boxed elementor-section-height-default elementor-section-height-default\" data-id=\"1211a3c\" data-element_type=\"section\">\n\t\t\t\t\t\t<div class=\"elementor-container elementor-column-gap-default\">\n\t\t\t\t\t<div class=\"elementor-column elementor-col-25 elementor-top-column elementor-element elementor-element-89438f9\" data-id=\"89438f9\" data-element_type=\"column\">\n\t\t\t<div class=\"elementor-widget-wrap elementor-element-populated\">\n\t\t\t\t\t\t<div class=\"elementor-element elementor-element-63d83ff elementor-widget elementor-widget-heading\" data-id=\"63d83ff\" data-element_type=\"widget\" data-widget_type=\"heading.default\">\n\t\t\t\t<div class=\"elementor-widget-container\">\n\t\t\t<h2 class=\"elementor-heading-title elementor-size-default\">2<\/h2>\t\t<\/div>\n\t\t\t\t<\/div>\n\t\t\t\t\t<\/div>\n\t\t<\/div>\n\t\t\t\t<div class=\"elementor-column elementor-col-25 elementor-top-column elementor-element elementor-element-19084de\" data-id=\"19084de\" data-element_type=\"column\">\n\t\t\t<div class=\"elementor-widget-wrap elementor-element-populated\">\n\t\t\t\t\t\t<div class=\"elementor-element elementor-element-8d7eee1 elementor-widget elementor-widget-image\" data-id=\"8d7eee1\" data-element_type=\"widget\" data-widget_type=\"image.default\">\n\t\t\t\t<div class=\"elementor-widget-container\">\n\t\t\t\t\t\t\t\t\t\t<figure class=\"wp-caption\">\n\t\t\t\t\t\t\t\t\t\t<img decoding=\"async\" width=\"1024\" height=\"683\" src=\"https:\/\/will.gmbh\/wp-content\/uploads\/2024\/01\/MCW50263-1024x683.jpg\" class=\"attachment-large size-large wp-image-2340\" alt=\"\" srcset=\"https:\/\/will.gmbh\/wp-content\/uploads\/2024\/01\/MCW50263-1024x683.jpg 1024w, https:\/\/will.gmbh\/wp-content\/uploads\/2024\/01\/MCW50263-300x200.jpg 300w, https:\/\/will.gmbh\/wp-content\/uploads\/2024\/01\/MCW50263-768x512.jpg 768w, https:\/\/will.gmbh\/wp-content\/uploads\/2024\/01\/MCW50263-1536x1025.jpg 1536w, https:\/\/will.gmbh\/wp-content\/uploads\/2024\/01\/MCW50263-2048x1366.jpg 2048w, https:\/\/will.gmbh\/wp-content\/uploads\/2024\/01\/MCW50263-930x620.jpg 930w\" sizes=\"(max-width: 1024px) 100vw, 1024px\" \/>\t\t\t\t\t\t\t\t\t\t\t<figcaption class=\"widget-image-caption wp-caption-text\"><\/figcaption>\n\t\t\t\t\t\t\t\t\t\t<\/figure>\n\t\t\t\t\t\t\t<\/div>\n\t\t\t\t<\/div>\n\t\t\t\t\t<\/div>\n\t\t<\/div>\n\t\t\t\t<div class=\"elementor-column elementor-col-50 elementor-top-column elementor-element elementor-element-691b083\" data-id=\"691b083\" data-element_type=\"column\">\n\t\t\t<div class=\"elementor-widget-wrap elementor-element-populated\">\n\t\t\t\t\t\t<div class=\"elementor-element elementor-element-9bfe493 elementor-widget elementor-widget-text-editor\" data-id=\"9bfe493\" data-element_type=\"widget\" data-widget_type=\"text-editor.default\">\n\t\t\t\t<div class=\"elementor-widget-container\">\n\t\t\t\t\t\t\t<p><strong>Die Bemusterung:\u00a0 <\/strong><\/p><p>Hier k\u00f6nnen Sie Materialproben sehen und f\u00fchlen, um sicherzustellen, dass Ihre Wahl Ihren Erwartungen und Anspr\u00fcchen entspricht.<\/p>\t\t\t\t\t\t<\/div>\n\t\t\t\t<\/div>\n\t\t\t\t\t<\/div>\n\t\t<\/div>\n\t\t\t\t\t<\/div>\n\t\t<\/section>\n\t\t\t\t<section class=\"elementor-section elementor-top-section elementor-element elementor-element-10749bc elementor-section-boxed elementor-section-height-default elementor-section-height-default\" data-id=\"10749bc\" data-element_type=\"section\">\n\t\t\t\t\t\t<div class=\"elementor-container elementor-column-gap-default\">\n\t\t\t\t\t<div class=\"elementor-column elementor-col-25 elementor-top-column elementor-element elementor-element-709beba\" data-id=\"709beba\" data-element_type=\"column\">\n\t\t\t<div class=\"elementor-widget-wrap elementor-element-populated\">\n\t\t\t\t\t\t<div class=\"elementor-element elementor-element-a2f3558 elementor-widget elementor-widget-heading\" data-id=\"a2f3558\" data-element_type=\"widget\" data-widget_type=\"heading.default\">\n\t\t\t\t<div class=\"elementor-widget-container\">\n\t\t\t<h2 class=\"elementor-heading-title elementor-size-default\">3<\/h2>\t\t<\/div>\n\t\t\t\t<\/div>\n\t\t\t\t\t<\/div>\n\t\t<\/div>\n\t\t\t\t<div class=\"elementor-column elementor-col-25 elementor-top-column elementor-element elementor-element-4c65053\" data-id=\"4c65053\" data-element_type=\"column\">\n\t\t\t<div class=\"elementor-widget-wrap elementor-element-populated\">\n\t\t\t\t\t\t<div class=\"elementor-element elementor-element-f3a79ff elementor-widget elementor-widget-image\" data-id=\"f3a79ff\" data-element_type=\"widget\" data-widget_type=\"image.default\">\n\t\t\t\t<div class=\"elementor-widget-container\">\n\t\t\t\t\t\t\t\t\t\t<figure class=\"wp-caption\">\n\t\t\t\t\t\t\t\t\t\t<img decoding=\"async\" width=\"1024\" height=\"683\" src=\"https:\/\/will.gmbh\/wp-content\/uploads\/2024\/01\/MCW50043-1024x683.jpg\" class=\"attachment-large size-large wp-image-2332\" alt=\"\" srcset=\"https:\/\/will.gmbh\/wp-content\/uploads\/2024\/01\/MCW50043-1024x683.jpg 1024w, https:\/\/will.gmbh\/wp-content\/uploads\/2024\/01\/MCW50043-300x200.jpg 300w, https:\/\/will.gmbh\/wp-content\/uploads\/2024\/01\/MCW50043-768x512.jpg 768w, https:\/\/will.gmbh\/wp-content\/uploads\/2024\/01\/MCW50043-1536x1025.jpg 1536w, https:\/\/will.gmbh\/wp-content\/uploads\/2024\/01\/MCW50043-2048x1366.jpg 2048w, https:\/\/will.gmbh\/wp-content\/uploads\/2024\/01\/MCW50043-930x620.jpg 930w\" sizes=\"(max-width: 1024px) 100vw, 1024px\" \/>\t\t\t\t\t\t\t\t\t\t\t<figcaption class=\"widget-image-caption wp-caption-text\"><\/figcaption>\n\t\t\t\t\t\t\t\t\t\t<\/figure>\n\t\t\t\t\t\t\t<\/div>\n\t\t\t\t<\/div>\n\t\t\t\t\t<\/div>\n\t\t<\/div>\n\t\t\t\t<div class=\"elementor-column elementor-col-50 elementor-top-column elementor-element elementor-element-2667dfc\" data-id=\"2667dfc\" data-element_type=\"column\">\n\t\t\t<div class=\"elementor-widget-wrap elementor-element-populated\">\n\t\t\t\t\t\t<div class=\"elementor-element elementor-element-86db625 elementor-widget elementor-widget-text-editor\" data-id=\"86db625\" data-element_type=\"widget\" data-widget_type=\"text-editor.default\">\n\t\t\t\t<div class=\"elementor-widget-container\">\n\t\t\t\t\t\t\t<p><strong>Die Planung:<\/strong><\/p><p>In der Planungsphase konkretisieren wir Ihre Vorstellungen. Unser Expertenteam steht Ihnen zur Verf\u00fcgung, um das optimale Bad f\u00fcr Sie zu entwickeln und sicherzustellen, dass alle technischen Anforderungen ber\u00fccksichtigt werden.<\/p>\t\t\t\t\t\t<\/div>\n\t\t\t\t<\/div>\n\t\t\t\t\t<\/div>\n\t\t<\/div>\n\t\t\t\t\t<\/div>\n\t\t<\/section>\n\t\t\t\t<section class=\"elementor-section elementor-top-section elementor-element elementor-element-be307f1 elementor-section-boxed elementor-section-height-default elementor-section-height-default\" data-id=\"be307f1\" data-element_type=\"section\">\n\t\t\t\t\t\t<div class=\"elementor-container elementor-column-gap-default\">\n\t\t\t\t\t<div class=\"elementor-column elementor-col-100 elementor-top-column elementor-element elementor-element-f76f7d4\" data-id=\"f76f7d4\" data-element_type=\"column\">\n\t\t\t<div class=\"elementor-widget-wrap elementor-element-populated\">\n\t\t\t\t\t\t<div class=\"elementor-element elementor-element-1281009 elementor-widget elementor-widget-heading\" data-id=\"1281009\" data-element_type=\"widget\" data-widget_type=\"heading.default\">\n\t\t\t\t<div class=\"elementor-widget-container\">\n\t\t\t<h2 class=\"elementor-heading-title elementor-size-large\">2 Schritte in sicheren H\u00e4nden bei unseren Partnern<\/h2>\t\t<\/div>\n\t\t\t\t<\/div>\n\t\t\t\t\t<\/div>\n\t\t<\/div>\n\t\t\t\t\t<\/div>\n\t\t<\/section>\n\t\t\t\t<section class=\"elementor-section elementor-top-section elementor-element elementor-element-462a850 elementor-section-boxed elementor-section-height-default elementor-section-height-default\" data-id=\"462a850\" data-element_type=\"section\">\n\t\t\t\t\t\t<div class=\"elementor-container elementor-column-gap-default\">\n\t\t\t\t\t<div class=\"elementor-column elementor-col-25 elementor-top-column elementor-element elementor-element-d3e6c4a\" data-id=\"d3e6c4a\" data-element_type=\"column\">\n\t\t\t<div class=\"elementor-widget-wrap elementor-element-populated\">\n\t\t\t\t\t\t<div class=\"elementor-element elementor-element-ac67007 elementor-widget elementor-widget-heading\" data-id=\"ac67007\" data-element_type=\"widget\" data-widget_type=\"heading.default\">\n\t\t\t\t<div class=\"elementor-widget-container\">\n\t\t\t<h2 class=\"elementor-heading-title elementor-size-default\">4<\/h2>\t\t<\/div>\n\t\t\t\t<\/div>\n\t\t\t\t\t<\/div>\n\t\t<\/div>\n\t\t\t\t<div class=\"elementor-column elementor-col-25 elementor-top-column elementor-element elementor-element-17627cd\" data-id=\"17627cd\" data-element_type=\"column\">\n\t\t\t<div class=\"elementor-widget-wrap elementor-element-populated\">\n\t\t\t\t\t\t<div class=\"elementor-element elementor-element-aa243f7 elementor-widget elementor-widget-image\" data-id=\"aa243f7\" data-element_type=\"widget\" data-widget_type=\"image.default\">\n\t\t\t\t<div class=\"elementor-widget-container\">\n\t\t\t\t\t\t\t\t\t\t<figure class=\"wp-caption\">\n\t\t\t\t\t\t\t\t\t\t<img loading=\"lazy\" decoding=\"async\" width=\"1024\" height=\"683\" src=\"https:\/\/will.gmbh\/wp-content\/uploads\/2024\/01\/IMG_9117-1024x683.jpg\" class=\"attachment-large size-large wp-image-2490\" alt=\"\" srcset=\"https:\/\/will.gmbh\/wp-content\/uploads\/2024\/01\/IMG_9117-1024x683.jpg 1024w, https:\/\/will.gmbh\/wp-content\/uploads\/2024\/01\/IMG_9117-300x200.jpg 300w, https:\/\/will.gmbh\/wp-content\/uploads\/2024\/01\/IMG_9117-768x512.jpg 768w, https:\/\/will.gmbh\/wp-content\/uploads\/2024\/01\/IMG_9117-1536x1024.jpg 1536w, https:\/\/will.gmbh\/wp-content\/uploads\/2024\/01\/IMG_9117-2048x1365.jpg 2048w, https:\/\/will.gmbh\/wp-content\/uploads\/2024\/01\/IMG_9117-930x620.jpg 930w\" sizes=\"(max-width: 1024px) 100vw, 1024px\" \/>\t\t\t\t\t\t\t\t\t\t\t<figcaption class=\"widget-image-caption wp-caption-text\"><\/figcaption>\n\t\t\t\t\t\t\t\t\t\t<\/figure>\n\t\t\t\t\t\t\t<\/div>\n\t\t\t\t<\/div>\n\t\t\t\t\t<\/div>\n\t\t<\/div>\n\t\t\t\t<div class=\"elementor-column elementor-col-50 elementor-top-column elementor-element elementor-element-125d925\" data-id=\"125d925\" data-element_type=\"column\">\n\t\t\t<div class=\"elementor-widget-wrap elementor-element-populated\">\n\t\t\t\t\t\t<div class=\"elementor-element elementor-element-3c4f1a0 elementor-widget elementor-widget-text-editor\" data-id=\"3c4f1a0\" data-element_type=\"widget\" data-widget_type=\"text-editor.default\">\n\t\t\t\t<div class=\"elementor-widget-container\">\n\t\t\t\t\t\t\t<p><strong>Die Umsetzung: <\/strong>\u00a0<\/p><p>Nach der Planung \u00fcbernehmen erfahrene Partner-Handwerker die professionelle Umsetzung Ihres Badezimmerprojekts. Von der Installation von Sanit\u00e4r- und Elektroanlagen bis zur pr\u00e4zisen Platzierung der ausgew\u00e4hlten Materialien k\u00fcmmern sich unsere zuverl\u00e4ssigen Partner-Handwerker um eine qualitativ hochwertige Ausf\u00fchrung.<\/p>\t\t\t\t\t\t<\/div>\n\t\t\t\t<\/div>\n\t\t\t\t\t<\/div>\n\t\t<\/div>\n\t\t\t\t\t<\/div>\n\t\t<\/section>\n\t\t\t\t<section class=\"elementor-section elementor-top-section elementor-element elementor-element-aca4f1e elementor-section-boxed elementor-section-height-default elementor-section-height-default\" data-id=\"aca4f1e\" data-element_type=\"section\">\n\t\t\t\t\t\t<div class=\"elementor-container elementor-column-gap-default\">\n\t\t\t\t\t<div class=\"elementor-column elementor-col-25 elementor-top-column elementor-element elementor-element-4627172\" data-id=\"4627172\" data-element_type=\"column\">\n\t\t\t<div class=\"elementor-widget-wrap elementor-element-populated\">\n\t\t\t\t\t\t<div class=\"elementor-element elementor-element-6d722f0 elementor-widget elementor-widget-heading\" data-id=\"6d722f0\" data-element_type=\"widget\" data-widget_type=\"heading.default\">\n\t\t\t\t<div class=\"elementor-widget-container\">\n\t\t\t<h2 class=\"elementor-heading-title elementor-size-default\">5<\/h2>\t\t<\/div>\n\t\t\t\t<\/div>\n\t\t\t\t\t<\/div>\n\t\t<\/div>\n\t\t\t\t<div class=\"elementor-column elementor-col-25 elementor-top-column elementor-element elementor-element-3907842\" data-id=\"3907842\" data-element_type=\"column\">\n\t\t\t<div class=\"elementor-widget-wrap elementor-element-populated\">\n\t\t\t\t\t\t<div class=\"elementor-element elementor-element-f19da34 elementor-widget elementor-widget-image\" data-id=\"f19da34\" data-element_type=\"widget\" data-widget_type=\"image.default\">\n\t\t\t\t<div class=\"elementor-widget-container\">\n\t\t\t\t\t\t\t\t\t\t<figure class=\"wp-caption\">\n\t\t\t\t\t\t\t\t\t\t<img loading=\"lazy\" decoding=\"async\" width=\"1024\" height=\"683\" src=\"https:\/\/will.gmbh\/wp-content\/uploads\/2024\/01\/IMG_2526-1024x683.jpg\" class=\"attachment-large size-large wp-image-2491\" alt=\"\" srcset=\"https:\/\/will.gmbh\/wp-content\/uploads\/2024\/01\/IMG_2526-1024x683.jpg 1024w, https:\/\/will.gmbh\/wp-content\/uploads\/2024\/01\/IMG_2526-300x200.jpg 300w, https:\/\/will.gmbh\/wp-content\/uploads\/2024\/01\/IMG_2526-768x512.jpg 768w, https:\/\/will.gmbh\/wp-content\/uploads\/2024\/01\/IMG_2526-1536x1024.jpg 1536w, https:\/\/will.gmbh\/wp-content\/uploads\/2024\/01\/IMG_2526-2048x1365.jpg 2048w, https:\/\/will.gmbh\/wp-content\/uploads\/2024\/01\/IMG_2526-930x620.jpg 930w\" sizes=\"(max-width: 1024px) 100vw, 1024px\" \/>\t\t\t\t\t\t\t\t\t\t\t<figcaption class=\"widget-image-caption wp-caption-text\"><\/figcaption>\n\t\t\t\t\t\t\t\t\t\t<\/figure>\n\t\t\t\t\t\t\t<\/div>\n\t\t\t\t<\/div>\n\t\t\t\t\t<\/div>\n\t\t<\/div>\n\t\t\t\t<div class=\"elementor-column elementor-col-50 elementor-top-column elementor-element elementor-element-45823b1\" data-id=\"45823b1\" data-element_type=\"column\">\n\t\t\t<div class=\"elementor-widget-wrap elementor-element-populated\">\n\t\t\t\t\t\t<div class=\"elementor-element elementor-element-e625cca elementor-widget elementor-widget-text-editor\" data-id=\"e625cca\" data-element_type=\"widget\" data-widget_type=\"text-editor.default\">\n\t\t\t\t<div class=\"elementor-widget-container\">\n\t\t\t\t\t\t\t<p class=\"Textbody\"><strong><span class=\"StrongEmphasis\"><span style=\"font-family: 'Helvetica',sans-serif;\">\u00dcbergabe:<\/span><\/span><\/strong><\/p><p class=\"Textbody\"><span style=\"font-family: 'Helvetica',sans-serif;\">Nach erfolgreicher Umsetzung erfolgt die \u00dcbergabe Ihres neuen Badezimmers durch unsere langj\u00e4hrigen Partner. Diese Experten f\u00fchren eine gr\u00fcndliche \u00dcberpr\u00fcfung durch, um sicherzustellen, dass alle Arbeiten hohen Standards entsprechen. Schlie\u00dflich erhalten Sie Ihr vollendetes Bad, bereit zur Nutzung und ganz nach Ihren W\u00fcnschen gestaltet.<\/span><\/p>\t\t\t\t\t\t<\/div>\n\t\t\t\t<\/div>\n\t\t\t\t\t<\/div>\n\t\t<\/div>\n\t\t\t\t\t<\/div>\n\t\t<\/section>\n\t\t\t\t<section class=\"elementor-section elementor-top-section elementor-element elementor-element-89e25e5 elementor-section-boxed elementor-section-height-default elementor-section-height-default\" data-id=\"89e25e5\" data-element_type=\"section\">\n\t\t\t\t\t\t<div class=\"elementor-container elementor-column-gap-default\">\n\t\t\t\t\t<div class=\"elementor-column elementor-col-100 elementor-top-column elementor-element elementor-element-72ff7fb\" data-id=\"72ff7fb\" data-element_type=\"column\">\n\t\t\t<div class=\"elementor-widget-wrap elementor-element-populated\">\n\t\t\t\t\t\t<div class=\"elementor-element elementor-element-335c36c elementor-widget elementor-widget-spacer\" data-id=\"335c36c\" data-element_type=\"widget\" data-widget_type=\"spacer.default\">\n\t\t\t\t<div class=\"elementor-widget-container\">\n\t\t\t\t\t<div class=\"elementor-spacer\">\n\t\t\t<div class=\"elementor-spacer-inner\"><\/div>\n\t\t<\/div>\n\t\t\t\t<\/div>\n\t\t\t\t<\/div>\n\t\t\t\t\t<\/div>\n\t\t<\/div>\n\t\t\t\t\t<\/div>\n\t\t<\/section>\n\t\t\t\t<\/div>\n\t\t","protected":false},"excerpt":{"rendered":"<p>Beratungstermin vereinbaren Der Workflow zum Traumbad in 5 Schritten 3 Schritte mit WILL 1 Das Badstudio: Entdecken Sie in unserer Ausstellung eine breite Palette hochwertiger Badmaterialien und -designs. Erleben Sie die Vielfalt und lassen Sie sich von verschiedenen Stilen inspirieren. 2 Die Bemusterung:\u00a0 Hier k\u00f6nnen Sie Materialproben sehen und f\u00fchlen, um sicherzustellen, dass Ihre Wahl&hellip;&nbsp;<a href=\"https:\/\/will.gmbh\/index.php\/workflow\/\" class=\"\" rel=\"bookmark\">Weiterlesen &raquo;<span class=\"screen-reader-text\">Workflow<\/span><\/a><\/p>\n","protected":false},"author":1,"featured_media":0,"parent":0,"menu_order":0,"comment_status":"closed","ping_status":"closed","template":"page-templates\/template-pagebuilder-full-width.php","meta":{"neve_meta_sidebar":"","neve_meta_container":"","neve_meta_enable_content_width":"","neve_meta_content_width":0,"neve_meta_title_alignment":"","neve_meta_author_avatar":"","neve_post_elements_order":"","neve_meta_disable_header":"","neve_meta_disable_footer":"","neve_meta_disable_title":"","_ti_tpc_template_sync":false,"_ti_tpc_template_id":"","footnotes":""},"_links":{"self":[{"href":"https:\/\/will.gmbh\/index.php\/wp-json\/wp\/v2\/pages\/2423"}],"collection":[{"href":"https:\/\/will.gmbh\/index.php\/wp-json\/wp\/v2\/pages"}],"about":[{"href":"https:\/\/will.gmbh\/index.php\/wp-json\/wp\/v2\/types\/page"}],"author":[{"embeddable":true,"href":"https:\/\/will.gmbh\/index.php\/wp-json\/wp\/v2\/users\/1"}],"replies":[{"embeddable":true,"href":"https:\/\/will.gmbh\/index.php\/wp-json\/wp\/v2\/comments?post=2423"}],"version-history":[{"count":16,"href":"https:\/\/will.gmbh\/index.php\/wp-json\/wp\/v2\/pages\/2423\/revisions"}],"predecessor-version":[{"id":2557,"href":"https:\/\/will.gmbh\/index.php\/wp-json\/wp\/v2\/pages\/2423\/revisions\/2557"}],"wp:attachment":[{"href":"https:\/\/will.gmbh\/index.php\/wp-json\/wp\/v2\/media?parent=2423"}],"curies":[{"name":"wp","href":"https:\/\/api.w.org\/{rel}","templated":true}]}}